{"id":43,"date":"2023-11-20T10:44:55","date_gmt":"2023-11-20T09:44:55","guid":{"rendered":"http:\/\/www.vinsbaur-store.com\/?post_type=product&#038;p=43"},"modified":"2026-04-12T11:47:08","modified_gmt":"2026-04-12T09:47:08","slug":"pinot-gris-2022","status":"publish","type":"product","link":"https:\/\/www.vinsbaur.com\/en\/produit\/pinot-gris-2022\/","title":{"rendered":"Pinot gris 2024"},"content":{"rendered":"<p>Ce vin ample et charnu est soutenu par une jolie tension qui donne de la pl\u00e9nitude \u00e0 un ensemble bien charpent\u00e9. La finale ..<\/p>\n","protected":false},"excerpt":{"rendered":"<p>Ce vin ample et charnu est soutenu par une jolie tension qui donne de la pl\u00e9nitude \u00e0 un ensemble bien charpent\u00e9. La finale ..<\/p>\n","protected":false},"featured_media":1100,"comment_status":"closed","ping_status":"closed","template":"","meta":{"_acf_changed":false,"_seopress_robots_primary_cat":"none","_seopress_titles_title":"Pinot Gris Turckheim - Fran\u00e7ois Baur - Appellation Vins Alsace et Alsace grands crus depuis 1741","_seopress_titles_desc":"Le Pinot Gris Alsace est un vin dont la forte personnalit\u00e9 s'accorde avec des mets riches en go\u00fbt habituellement r\u00e9serv\u00e9s aux vins rouges","_seopress_robots_index":"","inline_featured_image":false},"product_brand":[],"product_cat":[15],"product_tag":[],"class_list":{"0":"post-43","1":"product","2":"type-product","3":"status-publish","4":"has-post-thumbnail","6":"product_cat-vins","8":"first","9":"instock","10":"taxable","11":"shipping-taxable","12":"purchasable","13":"product-type-simple","14":"add-to-wishlist-before_image"},"acf":[],"_links":{"self":[{"href":"https:\/\/www.vinsbaur.com\/en\/wp-json\/wp\/v2\/product\/43","targetHints":{"allow":["GET"]}}],"collection":[{"href":"https:\/\/www.vinsbaur.com\/en\/wp-json\/wp\/v2\/product"}],"about":[{"href":"https:\/\/www.vinsbaur.com\/en\/wp-json\/wp\/v2\/types\/product"}],"replies":[{"embeddable":true,"href":"https:\/\/www.vinsbaur.com\/en\/wp-json\/wp\/v2\/comments?post=43"}],"wp:featuredmedia":[{"embeddable":true,"href":"https:\/\/www.vinsbaur.com\/en\/wp-json\/wp\/v2\/media\/1100"}],"wp:attachment":[{"href":"https:\/\/www.vinsbaur.com\/en\/wp-json\/wp\/v2\/media?parent=43"}],"wp:term":[{"taxonomy":"product_brand","embeddable":true,"href":"https:\/\/www.vinsbaur.com\/en\/wp-json\/wp\/v2\/product_brand?post=43"},{"taxonomy":"product_cat","embeddable":true,"href":"https:\/\/www.vinsbaur.com\/en\/wp-json\/wp\/v2\/product_cat?post=43"},{"taxonomy":"product_tag","embeddable":true,"href":"https:\/\/www.vinsbaur.com\/en\/wp-json\/wp\/v2\/product_tag?post=43"}],"curies":[{"name":"wp","href":"https:\/\/api.w.org\/{rel}","templated":true}]}}