{"id":36,"date":"2023-11-20T10:37:38","date_gmt":"2023-11-20T09:37:38","guid":{"rendered":"http:\/\/www.vinsbaur-store.com\/?post_type=product&#038;p=36"},"modified":"2026-04-07T16:03:01","modified_gmt":"2026-04-07T14:03:01","slug":"gewurztraminer-turckheim-2022","status":"publish","type":"product","link":"https:\/\/www.vinsbaur.com\/en\/produit\/gewurztraminer-turckheim-2023\/","title":{"rendered":"Gewurztraminer Turckheim 2023"},"content":{"rendered":"<p>C\u2019est une v\u00e9ritable palette aromatique, riche et exub\u00e9rante, qui caract\u00e9rise le Gewurztraminer. Le bouquet est puissant et ..<\/p>\n","protected":false},"excerpt":{"rendered":"<p>C\u2019est une v\u00e9ritable palette aromatique, riche et exub\u00e9rante, qui caract\u00e9rise le Gewurztraminer. Le bouquet est puissant et ..<\/p>\n","protected":false},"featured_media":1093,"comment_status":"closed","ping_status":"closed","template":"","meta":{"_acf_changed":false,"_seopress_robots_primary_cat":"none","_seopress_titles_title":"Gewurztraminer Turckheim 2022 - Fran\u00e7ois Baur - Appellation Vins Alsace et Alsace grands crus depuis 1741","_seopress_titles_desc":"Le Gewurztraminer Alsace accompagne parfaitement les plats relev\u00e9s et les fromages cors\u00e9s comme le munster, le foie gras et les \u00e9pices et herbes aromatiques","_seopress_robots_index":"","inline_featured_image":false},"product_brand":[],"product_cat":[15],"product_tag":[],"class_list":{"0":"post-36","1":"product","2":"type-product","3":"status-publish","4":"has-post-thumbnail","6":"product_cat-vins","8":"first","9":"instock","10":"taxable","11":"shipping-taxable","12":"purchasable","13":"product-type-simple","14":"add-to-wishlist-before_image"},"acf":[],"_links":{"self":[{"href":"https:\/\/www.vinsbaur.com\/en\/wp-json\/wp\/v2\/product\/36","targetHints":{"allow":["GET"]}}],"collection":[{"href":"https:\/\/www.vinsbaur.com\/en\/wp-json\/wp\/v2\/product"}],"about":[{"href":"https:\/\/www.vinsbaur.com\/en\/wp-json\/wp\/v2\/types\/product"}],"replies":[{"embeddable":true,"href":"https:\/\/www.vinsbaur.com\/en\/wp-json\/wp\/v2\/comments?post=36"}],"wp:featuredmedia":[{"embeddable":true,"href":"https:\/\/www.vinsbaur.com\/en\/wp-json\/wp\/v2\/media\/1093"}],"wp:attachment":[{"href":"https:\/\/www.vinsbaur.com\/en\/wp-json\/wp\/v2\/media?parent=36"}],"wp:term":[{"taxonomy":"product_brand","embeddable":true,"href":"https:\/\/www.vinsbaur.com\/en\/wp-json\/wp\/v2\/product_brand?post=36"},{"taxonomy":"product_cat","embeddable":true,"href":"https:\/\/www.vinsbaur.com\/en\/wp-json\/wp\/v2\/product_cat?post=36"},{"taxonomy":"product_tag","embeddable":true,"href":"https:\/\/www.vinsbaur.com\/en\/wp-json\/wp\/v2\/product_tag?post=36"}],"curies":[{"name":"wp","href":"https:\/\/api.w.org\/{rel}","templated":true}]}}