{"id":29,"date":"2023-11-20T10:29:08","date_gmt":"2023-11-20T09:29:08","guid":{"rendered":"http:\/\/www.vinsbaur-store.com\/?post_type=product&#038;p=29"},"modified":"2026-04-12T11:47:08","modified_gmt":"2026-04-12T09:47:08","slug":"pinot-noir-sang-du-dragon-2020","status":"publish","type":"product","link":"https:\/\/www.vinsbaur.com\/en\/produit\/pinot-noir-sang-du-dragon-2023\/","title":{"rendered":"Pinot noir &#8220;Sang du Dragon&#8221; 2023                             Maximum purchase of 6 bottles"},"content":{"rendered":"<p>Dragon&#8217;s Blood comes from the Brand terroir, which means &#8220;Land of Fire.&#8221; Legend has it that the sun battled a dragon. The dragon was defeated and forced to retreat to a dark cavern beneath the Brand, thus explaining the characteristic heat of the soil in this terroir. The Brand terroir benefits from exceptional sunshine. Facing south, this very hot and relatively sheltered terroir is remarkably early-ripening. Produced only in the best years, Dragon&#8217;s Blood is a Pinot Noir that benefits from patient aging of 20 months in oak barrels. This wine, with its delicate vanilla notes and silky texture, will reach its peak in just a few years. It is already delicious today and will grace any fine table!<\/p>\n<p><span style=\"color: #9c1e2a;\"><strong>Maximum purchase of 6 bottles<\/strong><\/span><\/p>","protected":false},"excerpt":{"rendered":"<p>Dragon&#8217;s Blood comes from the Brand terroir, which means &#8220;Land of Fire.&#8221; Legend has it that the sun battled a dragon. The dragon was defeated and forced to retreat to a dark cavern beneath the Brand, thus explaining the characteristic heat of the soil in this terroir. The Brand terroir benefits from exceptional sunshine. Facing [&hellip;]<\/p>\n","protected":false},"featured_media":1102,"comment_status":"closed","ping_status":"closed","template":"","meta":{"_acf_changed":false,"_seopress_robots_primary_cat":"none","_seopress_titles_title":"Pinot Noir Sang du Dragon - Fran\u00e7ois Baur - Appellation Vins Alsace et Alsace grands crus depuis 1741","_seopress_titles_desc":"Ses ar\u00f4mes \u00e9voquant les fruits m\u00fbrs, ar\u00f4mes intenses de cerise. Le Pinot Noir Alsace Sang du Dragon accompagne viandes rouges, gibiers et les fromages","_seopress_robots_index":"","inline_featured_image":false},"product_brand":[],"product_cat":[15],"product_tag":[],"class_list":{"0":"post-29","1":"product","2":"type-product","3":"status-publish","4":"has-post-thumbnail","6":"product_cat-vins","8":"first","9":"instock","10":"taxable","11":"shipping-taxable","12":"purchasable","13":"product-type-simple","14":"add-to-wishlist-before_image"},"acf":[],"_links":{"self":[{"href":"https:\/\/www.vinsbaur.com\/en\/wp-json\/wp\/v2\/product\/29","targetHints":{"allow":["GET"]}}],"collection":[{"href":"https:\/\/www.vinsbaur.com\/en\/wp-json\/wp\/v2\/product"}],"about":[{"href":"https:\/\/www.vinsbaur.com\/en\/wp-json\/wp\/v2\/types\/product"}],"replies":[{"embeddable":true,"href":"https:\/\/www.vinsbaur.com\/en\/wp-json\/wp\/v2\/comments?post=29"}],"wp:featuredmedia":[{"embeddable":true,"href":"https:\/\/www.vinsbaur.com\/en\/wp-json\/wp\/v2\/media\/1102"}],"wp:attachment":[{"href":"https:\/\/www.vinsbaur.com\/en\/wp-json\/wp\/v2\/media?parent=29"}],"wp:term":[{"taxonomy":"product_brand","embeddable":true,"href":"https:\/\/www.vinsbaur.com\/en\/wp-json\/wp\/v2\/product_brand?post=29"},{"taxonomy":"product_cat","embeddable":true,"href":"https:\/\/www.vinsbaur.com\/en\/wp-json\/wp\/v2\/product_cat?post=29"},{"taxonomy":"product_tag","embeddable":true,"href":"https:\/\/www.vinsbaur.com\/en\/wp-json\/wp\/v2\/product_tag?post=29"}],"curies":[{"name":"wp","href":"https:\/\/api.w.org\/{rel}","templated":true}]}}