{"id":1681,"date":"2024-11-23T15:24:01","date_gmt":"2024-11-23T14:24:01","guid":{"rendered":"https:\/\/www.vinsbaur.com\/?post_type=product&#038;p=1681"},"modified":"2025-12-10T21:13:47","modified_gmt":"2025-12-10T20:13:47","slug":"welches-whisky-sauternes-70cl","status":"publish","type":"product","link":"https:\/\/www.vinsbaur.com\/en\/produit\/welches-whisky-sauternes-70cl\/","title":{"rendered":"Welche&#8217;s Whisky &#8211; Sauternes 70cl"},"content":{"rendered":"<p><\/p>\n<h1 class=\"h1\">Welche&#8217;s Whisky &#8211; Sauternes 70cl<\/h1>\n<p>&nbsp;<\/p>\n<p>De couleur ambr\u00e9e, ce Whisky Single Malt offre un nez aux notes d&#8217;amandes et de c\u00e9r\u00e9ales. En bouche, vous serez s\u00e9duit par des ar\u00f4mes de meringue et de caf\u00e9, le tout sur\u00a0 une finale vivifiante,\u00a0 ponctu\u00e9e d&#8217;une l\u00e9g\u00e8re amertume.<\/p>\n<p><em>&gt; Nos &#8220;Welche&#8217;s Whiskies&#8221;\u00a0 :<\/em><\/p>\n<p><em>&#8211; sont non filtr\u00e9s \u00e0 froid<\/em><\/p>\n<p><em>&#8211; b\u00e9n\u00e9ficient de l'&#8221;Indication G\u00e9ographique Prot\u00e9g\u00e9e&#8221;\u00a0 (mati\u00e8re premi\u00e8re d&#8217;origine alsacienne et interdiction d&#8217;aromatiser, d&#8217;\u00e9dulcorer et de colorer les whiskies).<\/em><\/p>\n<p>Le Pays Welche est l&#8217;aire g\u00e9ographique dans laquelle se situe le village de Lapoutroie, en moyenne montagne sur les contreforts des cr\u00eates Vosgiennes.<\/p>","protected":false},"excerpt":{"rendered":"<p>Welche&#8217;s Whisky &#8211; Sauternes 70cl &nbsp; De couleur ambr\u00e9e, ce Whisky Single Malt offre un nez aux notes d&#8217;amandes et de c\u00e9r\u00e9ales. En bouche, vous serez s\u00e9duit par des ar\u00f4mes de meringue et de caf\u00e9, le tout sur\u00a0 une finale vivifiante,\u00a0 ponctu\u00e9e d&#8217;une l\u00e9g\u00e8re amertume. &gt; Nos &#8220;Welche&#8217;s Whiskies&#8221;\u00a0 : &#8211; sont non filtr\u00e9s \u00e0 [&hellip;]<\/p>\n","protected":false},"featured_media":1683,"comment_status":"closed","ping_status":"closed","template":"","meta":{"_acf_changed":false,"_seopress_robots_primary_cat":"none","_seopress_titles_title":"","_seopress_titles_desc":"","_seopress_robots_index":"","inline_featured_image":false},"product_brand":[],"product_cat":[15],"product_tag":[],"class_list":{"0":"post-1681","1":"product","2":"type-product","3":"status-publish","4":"has-post-thumbnail","6":"product_cat-vins","8":"first","9":"instock","10":"taxable","11":"shipping-taxable","12":"purchasable","13":"product-type-simple","14":"add-to-wishlist-before_image"},"acf":[],"_links":{"self":[{"href":"https:\/\/www.vinsbaur.com\/en\/wp-json\/wp\/v2\/product\/1681","targetHints":{"allow":["GET"]}}],"collection":[{"href":"https:\/\/www.vinsbaur.com\/en\/wp-json\/wp\/v2\/product"}],"about":[{"href":"https:\/\/www.vinsbaur.com\/en\/wp-json\/wp\/v2\/types\/product"}],"replies":[{"embeddable":true,"href":"https:\/\/www.vinsbaur.com\/en\/wp-json\/wp\/v2\/comments?post=1681"}],"wp:featuredmedia":[{"embeddable":true,"href":"https:\/\/www.vinsbaur.com\/en\/wp-json\/wp\/v2\/media\/1683"}],"wp:attachment":[{"href":"https:\/\/www.vinsbaur.com\/en\/wp-json\/wp\/v2\/media?parent=1681"}],"wp:term":[{"taxonomy":"product_brand","embeddable":true,"href":"https:\/\/www.vinsbaur.com\/en\/wp-json\/wp\/v2\/product_brand?post=1681"},{"taxonomy":"product_cat","embeddable":true,"href":"https:\/\/www.vinsbaur.com\/en\/wp-json\/wp\/v2\/product_cat?post=1681"},{"taxonomy":"product_tag","embeddable":true,"href":"https:\/\/www.vinsbaur.com\/en\/wp-json\/wp\/v2\/product_tag?post=1681"}],"curies":[{"name":"wp","href":"https:\/\/api.w.org\/{rel}","templated":true}]}}