{"id":71,"date":"2023-11-20T11:00:07","date_gmt":"2023-11-20T10:00:07","guid":{"rendered":"http:\/\/www.vinsbaur-store.com\/nos-gites\/"},"modified":"2025-07-27T08:58:56","modified_gmt":"2025-07-27T06:58:56","slug":"nos-gites","status":"publish","type":"page","link":"https:\/\/www.vinsbaur.com\/en\/nos-gites\/","title":{"rendered":"Nos g\u00eetes"},"content":{"rendered":"","protected":false},"excerpt":{"rendered":"","protected":false},"author":1,"featured_media":0,"parent":0,"menu_order":10,"comment_status":"closed","ping_status":"closed","template":"","meta":{"_acf_changed":false,"_seopress_robots_primary_cat":"","_seopress_titles_title":"Location G\u00eete \u00e0 Turckheim pr\u00e8s de Colmar dans le Haut-Rhin en Alsace, sur la Route des Vins","_seopress_titles_desc":"H\u00e9bergement chez Vins Fran\u00e7ois Baur, vigneron ind\u00e9pendant \u00e0 Turckheim dans un magnifique g\u00eete situ\u00e9 dans le domaine viticole","_seopress_robots_index":"","inline_featured_image":false,"footnotes":""},"class_list":["post-71","page","type-page","status-publish","hentry"],"acf":[],"_links":{"self":[{"href":"https:\/\/www.vinsbaur.com\/en\/wp-json\/wp\/v2\/pages\/71","targetHints":{"allow":["GET"]}}],"collection":[{"href":"https:\/\/www.vinsbaur.com\/en\/wp-json\/wp\/v2\/pages"}],"about":[{"href":"https:\/\/www.vinsbaur.com\/en\/wp-json\/wp\/v2\/types\/page"}],"author":[{"embeddable":true,"href":"https:\/\/www.vinsbaur.com\/en\/wp-json\/wp\/v2\/users\/1"}],"replies":[{"embeddable":true,"href":"https:\/\/www.vinsbaur.com\/en\/wp-json\/wp\/v2\/comments?post=71"}],"version-history":[{"count":24,"href":"https:\/\/www.vinsbaur.com\/en\/wp-json\/wp\/v2\/pages\/71\/revisions"}],"predecessor-version":[{"id":2331,"href":"https:\/\/www.vinsbaur.com\/en\/wp-json\/wp\/v2\/pages\/71\/revisions\/2331"}],"wp:attachment":[{"href":"https:\/\/www.vinsbaur.com\/en\/wp-json\/wp\/v2\/media?parent=71"}],"curies":[{"name":"wp","href":"https:\/\/api.w.org\/{rel}","templated":true}]}}