{"id":61,"date":"2023-11-20T11:00:07","date_gmt":"2023-11-20T10:00:07","guid":{"rendered":"http:\/\/www.vinsbaur-store.com\/visite-du-caveau\/"},"modified":"2026-03-15T09:05:43","modified_gmt":"2026-03-15T08:05:43","slug":"visite-du-caveau","status":"publish","type":"page","link":"https:\/\/www.vinsbaur.com\/en\/visite-du-caveau\/","title":{"rendered":"Visite du caveau"},"content":{"rendered":"","protected":false},"excerpt":{"rendered":"","protected":false},"author":1,"featured_media":0,"parent":0,"menu_order":9,"comment_status":"closed","ping_status":"closed","template":"","meta":{"_acf_changed":false,"_seopress_robots_primary_cat":"","_seopress_titles_title":"Le caveau - Fran\u00e7ois Baur - Appellation Vins Alsace et Alsace grands crus depuis 1741","_seopress_titles_desc":"Nous vous accueillons dans notre caveau de d\u00e9gustation toute l'ann\u00e9e du lundi au samedi de 9h30 \u00e0 12h et de 14h \u00e0 18h30, le dimanche et les jours f\u00e9ri\u00e9s\u2026","_seopress_robots_index":"","inline_featured_image":false,"footnotes":""},"class_list":["post-61","page","type-page","status-publish","hentry"],"acf":[],"_links":{"self":[{"href":"https:\/\/www.vinsbaur.com\/en\/wp-json\/wp\/v2\/pages\/61","targetHints":{"allow":["GET"]}}],"collection":[{"href":"https:\/\/www.vinsbaur.com\/en\/wp-json\/wp\/v2\/pages"}],"about":[{"href":"https:\/\/www.vinsbaur.com\/en\/wp-json\/wp\/v2\/types\/page"}],"author":[{"embeddable":true,"href":"https:\/\/www.vinsbaur.com\/en\/wp-json\/wp\/v2\/users\/1"}],"replies":[{"embeddable":true,"href":"https:\/\/www.vinsbaur.com\/en\/wp-json\/wp\/v2\/comments?post=61"}],"version-history":[{"count":55,"href":"https:\/\/www.vinsbaur.com\/en\/wp-json\/wp\/v2\/pages\/61\/revisions"}],"predecessor-version":[{"id":2867,"href":"https:\/\/www.vinsbaur.com\/en\/wp-json\/wp\/v2\/pages\/61\/revisions\/2867"}],"wp:attachment":[{"href":"https:\/\/www.vinsbaur.com\/en\/wp-json\/wp\/v2\/media?parent=61"}],"curies":[{"name":"wp","href":"https:\/\/api.w.org\/{rel}","templated":true}]}}