{"id":38,"date":"2023-11-20T10:41:06","date_gmt":"2023-11-20T09:41:06","guid":{"rendered":"http:\/\/www.vinsbaur-store.com\/?post_type=product&#038;p=38"},"modified":"2026-04-05T19:31:34","modified_gmt":"2026-04-05T17:31:34","slug":"pinot-gris-grand-cru-brand-2022","status":"publish","type":"product","link":"https:\/\/www.vinsbaur.com\/de\/produit\/pinot-gris-grand-cru-brand-2023\/","title":{"rendered":"Pinot gris Grand Cru Brand 2023"},"content":{"rendered":"<p>C\u2019est un vin plein de noblesse qui pr\u00e9sente beaucoup d\u2019\u00e9toffe, une admirable rondeur allant parfois jusqu\u2019\u00e0 une opulence ..<\/p>\n","protected":false},"excerpt":{"rendered":"<p>C\u2019est un vin plein de noblesse qui pr\u00e9sente beaucoup d\u2019\u00e9toffe, une admirable rondeur allant parfois jusqu\u2019\u00e0 une opulence ..<\/p>\n","protected":false},"featured_media":1097,"comment_status":"closed","ping_status":"closed","template":"","meta":{"_acf_changed":false,"_seopress_robots_primary_cat":"none","_seopress_titles_title":"Pinot Gris Grand Cru Brand - Fran\u00e7ois Baur - Appellation Vins Alsace et Alsace grands crus depuis 1741","_seopress_titles_desc":"Le Pinot Gris Alsace Grand Cru Brand s'accorde avec les gibiers, le veau, porc, volailles, r\u00f4tis, les rognons, les risottos, les champignons, les c\u00e9r\u00e9ales","_seopress_robots_index":"","inline_featured_image":false},"product_brand":[],"product_cat":[15],"product_tag":[],"class_list":{"0":"post-38","1":"product","2":"type-product","3":"status-publish","4":"has-post-thumbnail","6":"product_cat-vins","8":"first","9":"instock","10":"taxable","11":"shipping-taxable","12":"purchasable","13":"product-type-simple","14":"add-to-wishlist-before_image"},"acf":[],"_links":{"self":[{"href":"https:\/\/www.vinsbaur.com\/de\/wp-json\/wp\/v2\/product\/38","targetHints":{"allow":["GET"]}}],"collection":[{"href":"https:\/\/www.vinsbaur.com\/de\/wp-json\/wp\/v2\/product"}],"about":[{"href":"https:\/\/www.vinsbaur.com\/de\/wp-json\/wp\/v2\/types\/product"}],"replies":[{"embeddable":true,"href":"https:\/\/www.vinsbaur.com\/de\/wp-json\/wp\/v2\/comments?post=38"}],"wp:featuredmedia":[{"embeddable":true,"href":"https:\/\/www.vinsbaur.com\/de\/wp-json\/wp\/v2\/media\/1097"}],"wp:attachment":[{"href":"https:\/\/www.vinsbaur.com\/de\/wp-json\/wp\/v2\/media?parent=38"}],"wp:term":[{"taxonomy":"product_brand","embeddable":true,"href":"https:\/\/www.vinsbaur.com\/de\/wp-json\/wp\/v2\/product_brand?post=38"},{"taxonomy":"product_cat","embeddable":true,"href":"https:\/\/www.vinsbaur.com\/de\/wp-json\/wp\/v2\/product_cat?post=38"},{"taxonomy":"product_tag","embeddable":true,"href":"https:\/\/www.vinsbaur.com\/de\/wp-json\/wp\/v2\/product_tag?post=38"}],"curies":[{"name":"wp","href":"https:\/\/api.w.org\/{rel}","templated":true}]}}