{"id":353,"date":"2023-11-24T14:11:46","date_gmt":"2023-11-24T13:11:46","guid":{"rendered":"https:\/\/baur.prospectiv.pro\/?post_type=product&#038;p=353"},"modified":"2026-04-13T09:24:48","modified_gmt":"2026-04-13T07:24:48","slug":"muscat-d-alsace-2022","status":"publish","type":"product","link":"https:\/\/www.vinsbaur.com\/de\/produit\/muscat-dalsace-2025\/","title":{"rendered":"Muscat d&#8217;Alsace 2025"},"content":{"rendered":"<p>Dieser Muscat zeigt eine leicht ros\u00e9farbene T\u00f6nung, das Ergebnis einer sorgf\u00e4ltig kontrollierten Mazeration, die den ganzen aromatischen Reichtum der Traube offenbart. Ein zarter, genussvoller und intensiv duftender Wein.<\/p>","protected":false},"excerpt":{"rendered":"<p>Dieser Muscat zeigt eine leicht ros\u00e9farbene T\u00f6nung, das Ergebnis einer sorgf\u00e4ltig kontrollierten Mazeration, die den ganzen aromatischen Reichtum der Traube offenbart. Ein zarter, genussvoller und intensiv duftender Wein.<\/p>\n","protected":false},"featured_media":1096,"comment_status":"closed","ping_status":"closed","template":"","meta":{"_acf_changed":false,"_seopress_robots_primary_cat":"none","_seopress_titles_title":"Muscat Turckheim - Fran\u00e7ois Baur - Appellation Vins Alsace et Alsace grands crus depuis 1741","_seopress_titles_desc":"C'est un vin \u00e0 appr\u00e9cier dans sa jeunesse. Gr\u00e2ce \u00e0 son caract\u00e8re sec, le muscat d'Alsace ouvre v\u00e9ritablement l'app\u00e9tit.","_seopress_robots_index":"","inline_featured_image":false},"product_brand":[],"product_cat":[15],"product_tag":[],"class_list":{"0":"post-353","1":"product","2":"type-product","3":"status-publish","4":"has-post-thumbnail","6":"product_cat-vins","8":"first","9":"instock","10":"taxable","11":"shipping-taxable","12":"purchasable","13":"product-type-simple","14":"add-to-wishlist-before_image"},"acf":[],"_links":{"self":[{"href":"https:\/\/www.vinsbaur.com\/de\/wp-json\/wp\/v2\/product\/353","targetHints":{"allow":["GET"]}}],"collection":[{"href":"https:\/\/www.vinsbaur.com\/de\/wp-json\/wp\/v2\/product"}],"about":[{"href":"https:\/\/www.vinsbaur.com\/de\/wp-json\/wp\/v2\/types\/product"}],"replies":[{"embeddable":true,"href":"https:\/\/www.vinsbaur.com\/de\/wp-json\/wp\/v2\/comments?post=353"}],"wp:featuredmedia":[{"embeddable":true,"href":"https:\/\/www.vinsbaur.com\/de\/wp-json\/wp\/v2\/media\/1096"}],"wp:attachment":[{"href":"https:\/\/www.vinsbaur.com\/de\/wp-json\/wp\/v2\/media?parent=353"}],"wp:term":[{"taxonomy":"product_brand","embeddable":true,"href":"https:\/\/www.vinsbaur.com\/de\/wp-json\/wp\/v2\/product_brand?post=353"},{"taxonomy":"product_cat","embeddable":true,"href":"https:\/\/www.vinsbaur.com\/de\/wp-json\/wp\/v2\/product_cat?post=353"},{"taxonomy":"product_tag","embeddable":true,"href":"https:\/\/www.vinsbaur.com\/de\/wp-json\/wp\/v2\/product_tag?post=353"}],"curies":[{"name":"wp","href":"https:\/\/api.w.org\/{rel}","templated":true}]}}