{"id":350,"date":"2023-11-24T13:51:51","date_gmt":"2023-11-24T12:51:51","guid":{"rendered":"https:\/\/baur.prospectiv.pro\/?post_type=product&#038;p=350"},"modified":"2026-02-10T09:25:39","modified_gmt":"2026-02-10T08:25:39","slug":"gewurztraminer-selection-de-grains-nobles-2018-0-50cl","status":"publish","type":"product","link":"https:\/\/www.vinsbaur.com\/de\/produit\/gewurztraminer-selection-de-grains-nobles-2018-0-50cl\/","title":{"rendered":"Gewurztraminer s\u00e9lection de grains nobles 2018 0.50cl"},"content":{"rendered":"<p>Les s\u00e9lections de grains nobles doivent pr\u00e9senter une richesse en sucre \u00e0 la r\u00e9colte particuli\u00e8rement \u00e9lev\u00e9e et ne peuvent \u00eatre commercialis\u00e9s qu\u2019apr\u00e8s 18 mois d\u2019\u00e9levage. Les efforts consid\u00e9rables engag\u00e9s par les vignerons ont \u00e9t\u00e9 r\u00e9compens\u00e9s par la reconnaissance officielle des s\u00e9lection de grains nobles, par d\u00e9cret minist\u00e9riel en date du 1er mars 1984. Cette r\u00e8glementation a \u00e9t\u00e9 renforc\u00e9e \u00e0 plusieurs reprises depuis lors (notamment dans l\u2019arr\u00eat\u00e9 du 20 juin 2016).Le d\u00e9veloppement du Botritis cinerea (pourriture noble) sur les baies amorce un ph\u00e9nom\u00e8ne d\u2019\u00e9vaporation qui favorise la concentration en sucre et en ar\u00f4mes, apportant \u00e0 ces vins moelleux et puissance.<\/p>\n","protected":false},"excerpt":{"rendered":"<p>Les s\u00e9lections de grains nobles doivent pr\u00e9senter une richesse en sucre \u00e0 la r\u00e9colte particuli\u00e8rement \u00e9lev\u00e9e et ne peuvent \u00eatre commercialis\u00e9s qu\u2019apr\u00e8s 18 mois d\u2019\u00e9levage. Les efforts consid\u00e9rables engag\u00e9s par les vignerons ont \u00e9t\u00e9 r\u00e9compens\u00e9s par la reconnaissance officielle des s\u00e9lection de grains nobles, par d\u00e9cret minist\u00e9riel en date du 1er mars 1984. Cette r\u00e8glementation [&hellip;]<\/p>\n","protected":false},"featured_media":1094,"comment_status":"closed","ping_status":"closed","template":"","meta":{"_acf_changed":false,"_seopress_robots_primary_cat":"none","_seopress_titles_title":"","_seopress_titles_desc":"","_seopress_robots_index":"","inline_featured_image":false},"product_brand":[],"product_cat":[15],"product_tag":[],"class_list":{"0":"post-350","1":"product","2":"type-product","3":"status-publish","4":"has-post-thumbnail","6":"product_cat-vins","8":"first","9":"instock","10":"taxable","11":"shipping-taxable","12":"purchasable","13":"product-type-simple","14":"add-to-wishlist-before_image"},"acf":[],"_links":{"self":[{"href":"https:\/\/www.vinsbaur.com\/de\/wp-json\/wp\/v2\/product\/350","targetHints":{"allow":["GET"]}}],"collection":[{"href":"https:\/\/www.vinsbaur.com\/de\/wp-json\/wp\/v2\/product"}],"about":[{"href":"https:\/\/www.vinsbaur.com\/de\/wp-json\/wp\/v2\/types\/product"}],"replies":[{"embeddable":true,"href":"https:\/\/www.vinsbaur.com\/de\/wp-json\/wp\/v2\/comments?post=350"}],"wp:featuredmedia":[{"embeddable":true,"href":"https:\/\/www.vinsbaur.com\/de\/wp-json\/wp\/v2\/media\/1094"}],"wp:attachment":[{"href":"https:\/\/www.vinsbaur.com\/de\/wp-json\/wp\/v2\/media?parent=350"}],"wp:term":[{"taxonomy":"product_brand","embeddable":true,"href":"https:\/\/www.vinsbaur.com\/de\/wp-json\/wp\/v2\/product_brand?post=350"},{"taxonomy":"product_cat","embeddable":true,"href":"https:\/\/www.vinsbaur.com\/de\/wp-json\/wp\/v2\/product_cat?post=350"},{"taxonomy":"product_tag","embeddable":true,"href":"https:\/\/www.vinsbaur.com\/de\/wp-json\/wp\/v2\/product_tag?post=350"}],"curies":[{"name":"wp","href":"https:\/\/api.w.org\/{rel}","templated":true}]}}