{"id":346,"date":"2023-11-24T12:37:02","date_gmt":"2023-11-24T11:37:02","guid":{"rendered":"https:\/\/baur.prospectiv.pro\/?post_type=product&#038;p=346"},"modified":"2026-05-08T14:24:03","modified_gmt":"2026-05-08T12:24:03","slug":"cremant-dalsace","status":"publish","type":"product","link":"https:\/\/www.vinsbaur.com\/de\/produit\/cremant-dalsace\/","title":{"rendered":"Cr\u00e9mant d&#8217;Alsace"},"content":{"rendered":"","protected":false},"excerpt":{"rendered":"","protected":false},"featured_media":3598,"comment_status":"closed","ping_status":"closed","template":"","meta":{"_acf_changed":false,"_seopress_robots_primary_cat":"","_seopress_titles_title":"Cr\u00e9mant d'Alsace Brut R\u00e9serve - Fran\u00e7ois Baur - Appellation Vins Alsace et Alsace grands crus depuis 1741","_seopress_titles_desc":"Le Cr\u00e9mant d'Alsace Brut R\u00e9serve servi frapp\u00e9 entre 5\u00b0et 7\u00b0 constitue un ap\u00e9ritif raffin\u00e9 et un vin de cocktail ou de r\u00e9ception id\u00e9al","_seopress_robots_index":"","inline_featured_image":false},"product_brand":[],"product_cat":[15],"product_tag":[],"class_list":{"0":"post-346","1":"product","2":"type-product","3":"status-publish","4":"has-post-thumbnail","6":"product_cat-vins","8":"first","9":"instock","10":"taxable","11":"shipping-taxable","12":"purchasable","13":"product-type-simple","14":"add-to-wishlist-before_image"},"acf":[],"_links":{"self":[{"href":"https:\/\/www.vinsbaur.com\/de\/wp-json\/wp\/v2\/product\/346","targetHints":{"allow":["GET"]}}],"collection":[{"href":"https:\/\/www.vinsbaur.com\/de\/wp-json\/wp\/v2\/product"}],"about":[{"href":"https:\/\/www.vinsbaur.com\/de\/wp-json\/wp\/v2\/types\/product"}],"replies":[{"embeddable":true,"href":"https:\/\/www.vinsbaur.com\/de\/wp-json\/wp\/v2\/comments?post=346"}],"wp:featuredmedia":[{"embeddable":true,"href":"https:\/\/www.vinsbaur.com\/de\/wp-json\/wp\/v2\/media\/3598"}],"wp:attachment":[{"href":"https:\/\/www.vinsbaur.com\/de\/wp-json\/wp\/v2\/media?parent=346"}],"wp:term":[{"taxonomy":"product_brand","embeddable":true,"href":"https:\/\/www.vinsbaur.com\/de\/wp-json\/wp\/v2\/product_brand?post=346"},{"taxonomy":"product_cat","embeddable":true,"href":"https:\/\/www.vinsbaur.com\/de\/wp-json\/wp\/v2\/product_cat?post=346"},{"taxonomy":"product_tag","embeddable":true,"href":"https:\/\/www.vinsbaur.com\/de\/wp-json\/wp\/v2\/product_tag?post=346"}],"curies":[{"name":"wp","href":"https:\/\/api.w.org\/{rel}","templated":true}]}}