{"id":34,"date":"2023-11-20T10:34:18","date_gmt":"2023-11-20T09:34:18","guid":{"rendered":"http:\/\/www.vinsbaur-store.com\/?post_type=product&#038;p=34"},"modified":"2026-04-01T11:51:37","modified_gmt":"2026-04-01T09:51:37","slug":"gewurztraminer-grand-cru-brand-2020","status":"publish","type":"product","link":"https:\/\/www.vinsbaur.com\/de\/produit\/gewurztraminer-grand-cru-brand-2020\/","title":{"rendered":"Gewurztraminer Grand Cru Brand 2022"},"content":{"rendered":"<p>C\u2019est une v\u00e9ritable palette aromatique, riche et exub\u00e9rante, qui caract\u00e9rise le Gewurztraminer. Le bouquet est puissant et ..<\/p>\n","protected":false},"excerpt":{"rendered":"<p>C\u2019est une v\u00e9ritable palette aromatique, riche et exub\u00e9rante, qui caract\u00e9rise le Gewurztraminer. Le bouquet est puissant et ..<\/p>\n","protected":false},"featured_media":1106,"comment_status":"closed","ping_status":"closed","template":"","meta":{"_acf_changed":false,"_seopress_robots_primary_cat":"none","_seopress_titles_title":"Gewurztraminer Grand Cru Brand - Fran\u00e7ois Baur - Appellation Vins Alsace et Alsace grands crus depuis 1741","_seopress_titles_desc":"Le Gewurztraminer Alsace Grand Cru Brand accompagne les plats relev\u00e9s et les fromages cors\u00e9s, le foie gras, \u00e9pices et les herbes aromatiques les plus fortes","_seopress_robots_index":"","inline_featured_image":false},"product_brand":[],"product_cat":[15],"product_tag":[],"class_list":{"0":"post-34","1":"product","2":"type-product","3":"status-publish","4":"has-post-thumbnail","6":"product_cat-vins","8":"first","9":"instock","10":"taxable","11":"shipping-taxable","12":"purchasable","13":"product-type-simple","14":"add-to-wishlist-before_image"},"acf":[],"_links":{"self":[{"href":"https:\/\/www.vinsbaur.com\/de\/wp-json\/wp\/v2\/product\/34","targetHints":{"allow":["GET"]}}],"collection":[{"href":"https:\/\/www.vinsbaur.com\/de\/wp-json\/wp\/v2\/product"}],"about":[{"href":"https:\/\/www.vinsbaur.com\/de\/wp-json\/wp\/v2\/types\/product"}],"replies":[{"embeddable":true,"href":"https:\/\/www.vinsbaur.com\/de\/wp-json\/wp\/v2\/comments?post=34"}],"wp:featuredmedia":[{"embeddable":true,"href":"https:\/\/www.vinsbaur.com\/de\/wp-json\/wp\/v2\/media\/1106"}],"wp:attachment":[{"href":"https:\/\/www.vinsbaur.com\/de\/wp-json\/wp\/v2\/media?parent=34"}],"wp:term":[{"taxonomy":"product_brand","embeddable":true,"href":"https:\/\/www.vinsbaur.com\/de\/wp-json\/wp\/v2\/product_brand?post=34"},{"taxonomy":"product_cat","embeddable":true,"href":"https:\/\/www.vinsbaur.com\/de\/wp-json\/wp\/v2\/product_cat?post=34"},{"taxonomy":"product_tag","embeddable":true,"href":"https:\/\/www.vinsbaur.com\/de\/wp-json\/wp\/v2\/product_tag?post=34"}],"curies":[{"name":"wp","href":"https:\/\/api.w.org\/{rel}","templated":true}]}}