{"id":29,"date":"2023-11-20T10:29:08","date_gmt":"2023-11-20T09:29:08","guid":{"rendered":"http:\/\/www.vinsbaur-store.com\/?post_type=product&#038;p=29"},"modified":"2026-04-12T11:47:08","modified_gmt":"2026-04-12T09:47:08","slug":"pinot-noir-sang-du-dragon-2020","status":"publish","type":"product","link":"https:\/\/www.vinsbaur.com\/de\/produit\/pinot-noir-sang-du-dragon-2023\/","title":{"rendered":"Pinot noir &#8222;Sang du Dragon&#8220; 2023                         Maximal 6 Flaschen"},"content":{"rendered":"<p>Dragon&#8217;s Blood stammt aus dem Terroir Brand, was so viel wie \u201eLand des Feuers\u201c bedeutet. Der Legende nach k\u00e4mpfte die Sonne gegen einen Drachen. Der Drache wurde besiegt und musste sich in eine dunkle H\u00f6hle unterhalb des Brand zur\u00fcckziehen, was die charakteristische Hitze des Bodens in diesem Terroir erkl\u00e4rt. Das Terroir Brand profitiert von au\u00dfergew\u00f6hnlicher Sonneneinstrahlung. Dank seiner S\u00fcdlage reifen die Trauben in diesem sehr hei\u00dfen und relativ gesch\u00fctzten Terroir bemerkenswert fr\u00fch. Dragon&#8217;s Blood wird nur in den besten Jahren produziert und ist ein Pinot Noir, der von einer geduldigen Reifung von 20 Monaten in Eichenf\u00e4ssern profitiert. Dieser Wein mit seinen feinen Vanillenoten und seiner seidigen Textur erreicht seinen H\u00f6hepunkt in nur wenigen Jahren. Er ist bereits heute k\u00f6stlich und wird jede elegante Tafel bereichern!<\/p>\n<p><span style=\"color: #9c1e2a;\"><strong>Maximal 6 Flaschen<\/strong><\/span><\/p>","protected":false},"excerpt":{"rendered":"<p>Dragon&#8217;s Blood stammt aus dem Terroir Brand, was so viel wie \u201eLand des Feuers\u201c bedeutet. Der Legende nach k\u00e4mpfte die Sonne gegen einen Drachen. Der Drache wurde besiegt und musste sich in eine dunkle H\u00f6hle unterhalb des Brand zur\u00fcckziehen, was die charakteristische Hitze des Bodens in diesem Terroir erkl\u00e4rt. Das Terroir Brand profitiert von au\u00dfergew\u00f6hnlicher [&hellip;]<\/p>\n","protected":false},"featured_media":1102,"comment_status":"closed","ping_status":"closed","template":"","meta":{"_acf_changed":false,"_seopress_robots_primary_cat":"none","_seopress_titles_title":"Pinot Noir Sang du Dragon - Fran\u00e7ois Baur - Appellation Vins Alsace et Alsace grands crus depuis 1741","_seopress_titles_desc":"Ses ar\u00f4mes \u00e9voquant les fruits m\u00fbrs, ar\u00f4mes intenses de cerise. Le Pinot Noir Alsace Sang du Dragon accompagne viandes rouges, gibiers et les fromages","_seopress_robots_index":"","inline_featured_image":false},"product_brand":[],"product_cat":[15],"product_tag":[],"class_list":{"0":"post-29","1":"product","2":"type-product","3":"status-publish","4":"has-post-thumbnail","6":"product_cat-vins","8":"first","9":"instock","10":"taxable","11":"shipping-taxable","12":"purchasable","13":"product-type-simple","14":"add-to-wishlist-before_image"},"acf":[],"_links":{"self":[{"href":"https:\/\/www.vinsbaur.com\/de\/wp-json\/wp\/v2\/product\/29","targetHints":{"allow":["GET"]}}],"collection":[{"href":"https:\/\/www.vinsbaur.com\/de\/wp-json\/wp\/v2\/product"}],"about":[{"href":"https:\/\/www.vinsbaur.com\/de\/wp-json\/wp\/v2\/types\/product"}],"replies":[{"embeddable":true,"href":"https:\/\/www.vinsbaur.com\/de\/wp-json\/wp\/v2\/comments?post=29"}],"wp:featuredmedia":[{"embeddable":true,"href":"https:\/\/www.vinsbaur.com\/de\/wp-json\/wp\/v2\/media\/1102"}],"wp:attachment":[{"href":"https:\/\/www.vinsbaur.com\/de\/wp-json\/wp\/v2\/media?parent=29"}],"wp:term":[{"taxonomy":"product_brand","embeddable":true,"href":"https:\/\/www.vinsbaur.com\/de\/wp-json\/wp\/v2\/product_brand?post=29"},{"taxonomy":"product_cat","embeddable":true,"href":"https:\/\/www.vinsbaur.com\/de\/wp-json\/wp\/v2\/product_cat?post=29"},{"taxonomy":"product_tag","embeddable":true,"href":"https:\/\/www.vinsbaur.com\/de\/wp-json\/wp\/v2\/product_tag?post=29"}],"curies":[{"name":"wp","href":"https:\/\/api.w.org\/{rel}","templated":true}]}}