{"id":1684,"date":"2024-11-23T15:30:27","date_gmt":"2024-11-23T14:30:27","guid":{"rendered":"https:\/\/www.vinsbaur.com\/?post_type=product&#038;p=1684"},"modified":"2025-12-07T10:45:26","modified_gmt":"2025-12-07T09:45:26","slug":"welches-whisky-tourbe-70cl","status":"publish","type":"product","link":"https:\/\/www.vinsbaur.com\/de\/produit\/welches-whisky-sauternes-70cl-2\/","title":{"rendered":"Welche&#8217;s Whisky &#8211; Tourb\u00e9 70cl"},"content":{"rendered":"<h1 class=\"h1\">Welche&#8217;s Whisky &#8211; Tourb\u00e9 70cl<\/h1>\n<p>Ce whisky Single Malt tourb\u00e9 (+\/- 30 ppm) offre une dominante fum\u00e9e compl\u00e9t\u00e9e par des ar\u00f4mes de caramel beurr\u00e9 et de miel. En bouche l&#8217;attaque est soyeuse, le caract\u00e8re de la tourbe et la richesse des notes caram\u00e9lis\u00e9es et malt\u00e9es en fond un grand Whisky.<\/p>\n<p>Le Pays Welche est l&#8217;aire g\u00e9ographique dans laquelle se situe le village de Lapoutroie, en moyenne montagne sur les contreforts des cr\u00eates Vosgiennes.<\/p>\n<p><em>&gt; Nos &#8222;Welche&#8217;s Whiskies&#8220;\u00a0 :<\/em><\/p>\n<p><em>&#8211; sont non filtr\u00e9s \u00e0 froid<\/em><\/p>\n<p><em>&#8211; b\u00e9n\u00e9ficient de l'&#8220;Indication G\u00e9ographique Prot\u00e9g\u00e9e&#8220;\u00a0 (mati\u00e8re premi\u00e8re d&#8217;origine alsacienne, interdiction d&#8217;aromatiser, d&#8217;\u00e9dulcorer et de colorer les whiskies).<\/em><\/p>\n","protected":false},"excerpt":{"rendered":"<p>Welche&#8217;s Whisky &#8211; Tourb\u00e9 70cl Ce whisky Single Malt tourb\u00e9 (+\/- 30 ppm) offre une dominante fum\u00e9e compl\u00e9t\u00e9e par des ar\u00f4mes de caramel beurr\u00e9 et de miel. En bouche l&#8217;attaque est soyeuse, le caract\u00e8re de la tourbe et la richesse des notes caram\u00e9lis\u00e9es et malt\u00e9es en fond un grand Whisky. Le Pays Welche est l&#8217;aire [&hellip;]<\/p>\n","protected":false},"featured_media":1685,"comment_status":"closed","ping_status":"closed","template":"","meta":{"_acf_changed":false,"_seopress_robots_primary_cat":"none","_seopress_titles_title":"","_seopress_titles_desc":"","_seopress_robots_index":"","inline_featured_image":false},"product_brand":[],"product_cat":[15],"product_tag":[],"class_list":{"0":"post-1684","1":"product","2":"type-product","3":"status-publish","4":"has-post-thumbnail","6":"product_cat-vins","8":"first","9":"instock","10":"taxable","11":"shipping-taxable","12":"purchasable","13":"product-type-simple","14":"add-to-wishlist-before_image"},"acf":[],"_links":{"self":[{"href":"https:\/\/www.vinsbaur.com\/de\/wp-json\/wp\/v2\/product\/1684","targetHints":{"allow":["GET"]}}],"collection":[{"href":"https:\/\/www.vinsbaur.com\/de\/wp-json\/wp\/v2\/product"}],"about":[{"href":"https:\/\/www.vinsbaur.com\/de\/wp-json\/wp\/v2\/types\/product"}],"replies":[{"embeddable":true,"href":"https:\/\/www.vinsbaur.com\/de\/wp-json\/wp\/v2\/comments?post=1684"}],"wp:featuredmedia":[{"embeddable":true,"href":"https:\/\/www.vinsbaur.com\/de\/wp-json\/wp\/v2\/media\/1685"}],"wp:attachment":[{"href":"https:\/\/www.vinsbaur.com\/de\/wp-json\/wp\/v2\/media?parent=1684"}],"wp:term":[{"taxonomy":"product_brand","embeddable":true,"href":"https:\/\/www.vinsbaur.com\/de\/wp-json\/wp\/v2\/product_brand?post=1684"},{"taxonomy":"product_cat","embeddable":true,"href":"https:\/\/www.vinsbaur.com\/de\/wp-json\/wp\/v2\/product_cat?post=1684"},{"taxonomy":"product_tag","embeddable":true,"href":"https:\/\/www.vinsbaur.com\/de\/wp-json\/wp\/v2\/product_tag?post=1684"}],"curies":[{"name":"wp","href":"https:\/\/api.w.org\/{rel}","templated":true}]}}