{"id":16,"date":"2023-11-20T10:13:32","date_gmt":"2023-11-20T09:13:32","guid":{"rendered":"http:\/\/www.vinsbaur-store.com\/?post_type=product&#038;p=16"},"modified":"2026-03-25T18:11:06","modified_gmt":"2026-03-25T17:11:06","slug":"pinot-blanc-2022","status":"publish","type":"product","link":"https:\/\/www.vinsbaur.com\/de\/produit\/pinot-blanc-2024\/","title":{"rendered":"Pinot blanc 2024"},"content":{"rendered":"<p>Le Pinot Blanc est un vin qui s\u2019ouvre vite, discr\u00e8tement fruit\u00e9, avec des notes de p\u00eache, de pomme et des nuances florales. ..<\/p>\n","protected":false},"excerpt":{"rendered":"<p>Le Pinot Blanc est un vin qui s\u2019ouvre vite, discr\u00e8tement fruit\u00e9, avec des notes de p\u00eache, de pomme et des nuances florales. ..<\/p>\n","protected":false},"featured_media":1099,"comment_status":"closed","ping_status":"closed","template":"","meta":{"_acf_changed":false,"_seopress_robots_primary_cat":"none","_seopress_titles_title":"Pinot Blanc Turckheim - Fran\u00e7ois Baur - Appellation Vins Alsace et Alsace grands crus depuis 1741","_seopress_titles_desc":"Le Pinot Blanc d'Alsace est un vin d'entr\u00e9e mais \u00e9galement de plat principal.","_seopress_robots_index":"","inline_featured_image":false},"product_brand":[],"product_cat":[15],"product_tag":[],"class_list":{"0":"post-16","1":"product","2":"type-product","3":"status-publish","4":"has-post-thumbnail","6":"product_cat-vins","8":"first","9":"instock","10":"taxable","11":"shipping-taxable","12":"purchasable","13":"product-type-simple","14":"add-to-wishlist-before_image"},"acf":[],"_links":{"self":[{"href":"https:\/\/www.vinsbaur.com\/de\/wp-json\/wp\/v2\/product\/16","targetHints":{"allow":["GET"]}}],"collection":[{"href":"https:\/\/www.vinsbaur.com\/de\/wp-json\/wp\/v2\/product"}],"about":[{"href":"https:\/\/www.vinsbaur.com\/de\/wp-json\/wp\/v2\/types\/product"}],"replies":[{"embeddable":true,"href":"https:\/\/www.vinsbaur.com\/de\/wp-json\/wp\/v2\/comments?post=16"}],"wp:featuredmedia":[{"embeddable":true,"href":"https:\/\/www.vinsbaur.com\/de\/wp-json\/wp\/v2\/media\/1099"}],"wp:attachment":[{"href":"https:\/\/www.vinsbaur.com\/de\/wp-json\/wp\/v2\/media?parent=16"}],"wp:term":[{"taxonomy":"product_brand","embeddable":true,"href":"https:\/\/www.vinsbaur.com\/de\/wp-json\/wp\/v2\/product_brand?post=16"},{"taxonomy":"product_cat","embeddable":true,"href":"https:\/\/www.vinsbaur.com\/de\/wp-json\/wp\/v2\/product_cat?post=16"},{"taxonomy":"product_tag","embeddable":true,"href":"https:\/\/www.vinsbaur.com\/de\/wp-json\/wp\/v2\/product_tag?post=16"}],"curies":[{"name":"wp","href":"https:\/\/api.w.org\/{rel}","templated":true}]}}