{"id":67,"date":"2023-11-20T11:00:07","date_gmt":"2023-11-20T10:00:07","guid":{"rendered":"http:\/\/www.vinsbaur-store.com\/sang-du-dragon\/"},"modified":"2024-03-19T11:26:00","modified_gmt":"2024-03-19T10:26:00","slug":"sang-du-dragon","status":"publish","type":"page","link":"https:\/\/www.vinsbaur.com\/de\/sang-du-dragon\/","title":{"rendered":"Sang du dragon"},"content":{"rendered":"","protected":false},"excerpt":{"rendered":"","protected":false},"author":1,"featured_media":0,"parent":0,"menu_order":8,"comment_status":"closed","ping_status":"closed","template":"","meta":{"_acf_changed":false,"_seopress_robots_primary_cat":"","_seopress_titles_title":"Le Sang du Dragon - Pinot Noir Alsace - Turckheim - Fran\u00e7ois Baur - Appellation Vins Alsace et Alsace grands crus depuis 1741","_seopress_titles_desc":"L\u00e9gende Le Sang du Dragon, \u00e9labor\u00e9 avec uniquement du Pinot noir de plaine et du coteau du Brand, tient son nom de la l\u00e9gende racontant la vie ancestrale des dragons, vivant sur le Brand, et dont le sang...","_seopress_robots_index":"","inline_featured_image":false,"footnotes":""},"class_list":["post-67","page","type-page","status-publish","hentry"],"acf":[],"_links":{"self":[{"href":"https:\/\/www.vinsbaur.com\/de\/wp-json\/wp\/v2\/pages\/67","targetHints":{"allow":["GET"]}}],"collection":[{"href":"https:\/\/www.vinsbaur.com\/de\/wp-json\/wp\/v2\/pages"}],"about":[{"href":"https:\/\/www.vinsbaur.com\/de\/wp-json\/wp\/v2\/types\/page"}],"author":[{"embeddable":true,"href":"https:\/\/www.vinsbaur.com\/de\/wp-json\/wp\/v2\/users\/1"}],"replies":[{"embeddable":true,"href":"https:\/\/www.vinsbaur.com\/de\/wp-json\/wp\/v2\/comments?post=67"}],"version-history":[{"count":14,"href":"https:\/\/www.vinsbaur.com\/de\/wp-json\/wp\/v2\/pages\/67\/revisions"}],"predecessor-version":[{"id":1207,"href":"https:\/\/www.vinsbaur.com\/de\/wp-json\/wp\/v2\/pages\/67\/revisions\/1207"}],"wp:attachment":[{"href":"https:\/\/www.vinsbaur.com\/de\/wp-json\/wp\/v2\/media?parent=67"}],"curies":[{"name":"wp","href":"https:\/\/api.w.org\/{rel}","templated":true}]}}