{"id":2,"date":"2023-11-17T22:20:04","date_gmt":"2023-11-17T21:20:04","guid":{"rendered":"http:\/\/www.vinsbaur-store.com\/?page_id=2"},"modified":"2026-03-15T09:01:03","modified_gmt":"2026-03-15T08:01:03","slug":"accueil","status":"publish","type":"page","link":"https:\/\/www.vinsbaur.com\/de\/","title":{"rendered":"Accueil"},"content":{"rendered":"","protected":false},"excerpt":{"rendered":"","protected":false},"author":1,"featured_media":0,"parent":0,"menu_order":0,"comment_status":"closed","ping_status":"closed","template":"","meta":{"_acf_changed":false,"_seopress_robots_primary_cat":"","_seopress_titles_title":"Fran\u00e7ois Baur - Appellation Vins Alsace et Alsace grand cru","_seopress_titles_desc":"Vigneron ind\u00e9pendant \u00e0 Turckheim, Vins d'Alsace : Pinot Blanc, Riesling, Muscat, Pinot Gris, Gewurztraminer, Pinot Noir, Vendanges Tardives, Cr\u00e9mant","_seopress_robots_index":"","_seopress_analysis_target_kw":"","inline_featured_image":false,"footnotes":""},"class_list":["post-2","page","type-page","status-publish","hentry"],"acf":[],"_links":{"self":[{"href":"https:\/\/www.vinsbaur.com\/de\/wp-json\/wp\/v2\/pages\/2","targetHints":{"allow":["GET"]}}],"collection":[{"href":"https:\/\/www.vinsbaur.com\/de\/wp-json\/wp\/v2\/pages"}],"about":[{"href":"https:\/\/www.vinsbaur.com\/de\/wp-json\/wp\/v2\/types\/page"}],"author":[{"embeddable":true,"href":"https:\/\/www.vinsbaur.com\/de\/wp-json\/wp\/v2\/users\/1"}],"replies":[{"embeddable":true,"href":"https:\/\/www.vinsbaur.com\/de\/wp-json\/wp\/v2\/comments?post=2"}],"version-history":[{"count":61,"href":"https:\/\/www.vinsbaur.com\/de\/wp-json\/wp\/v2\/pages\/2\/revisions"}],"predecessor-version":[{"id":2865,"href":"https:\/\/www.vinsbaur.com\/de\/wp-json\/wp\/v2\/pages\/2\/revisions\/2865"}],"wp:attachment":[{"href":"https:\/\/www.vinsbaur.com\/de\/wp-json\/wp\/v2\/media?parent=2"}],"curies":[{"name":"wp","href":"https:\/\/api.w.org\/{rel}","templated":true}]}}